{"id":1195,"date":"2023-02-25T21:52:43","date_gmt":"2023-02-25T21:52:43","guid":{"rendered":"https:\/\/tonart-leipzig.de\/?page_id=1195"},"modified":"2023-03-12T11:12:00","modified_gmt":"2023-03-12T11:12:00","slug":"robert-pohlers-seit-2023","status":"publish","type":"page","link":"https:\/\/tonart-leipzig.de\/?page_id=1195","title":{"rendered":"Robert Pohlers (seit 2023)"},"content":{"rendered":"<p>Der Tenor <a href=\"https:\/\/robertpohlers.de\">Robert Pohlers<\/a> wurde in Leipzig geboren und war von 2004 bis 2013 Mitglied des&nbsp;Leipziger Thomanerchores, in dem er eine allumfassende musikalische Ausbildung genoss.&nbsp;Fr\u00fch trat er als Solist in Erscheinung und wurde f\u00fcr seine Verdienste um den Chor mehrfach&nbsp;ausgezeichnet. Durch diese Sozialisation bildet das Werk Johann Sebastian Bachs heute den&nbsp;Mittelpunkt seines solistischen Schaffens. Pohlers studierte an der Leipziger Hochschule f\u00fcr&nbsp;Musik und Theater \u201eFelix Mendelssohn Bartholdy\u201c in der Klasse von KS Prof. Roland Schubert Gesang und schloss sein Studium erfolgreich ab.<\/p>\n<p>Er ist seit 2013 Mitglied des renommierten Vokalsolistenensembles <a href=\"https:\/\/amarcord.de\">amarcord<\/a>, mit dem er verschiedene Auszeichnungen hohen&nbsp;internationalen Ranges erhielt, wie z.B. den Opus Klassik 2019 oder den \u201eContemporary a&nbsp;capella Recording Award\u201c.<\/p>\n<p><a href=\"https:\/\/tonart-leipzig.de\/wp-content\/uploads\/2023\/03\/image1.jpeg\"><img loading=\"lazy\" decoding=\"async\" class=\"alignnone size-medium wp-image-1206\" src=\"https:\/\/tonart-leipzig.de\/wp-content\/uploads\/2023\/03\/image1-300x200.jpeg\" alt=\"\" width=\"300\" height=\"200\"><\/a><br \/>\nIm Zuge seiner Konzertt\u00e4tigkeit, die ihn bereits in \u00fcber 30 L\u00e4nder f\u00fchrte, arbeitete Robert&nbsp;Pohlers mit namhaften Ensembles und Dirigenten, darunter dem Gewandhausorchester Leipzig, dem M\u00fcnchener Kammerorchester, dem MDR-Rundfunkorchester, dem Swedish Chamber Orchestra, Prof. Georg Christoph Biller, Wolfgang Katschner, Thomaskantor Gotthold&nbsp;Schwarz, HK Gruber, Steven Sloan u. a. an bedeutenden Orten, wie dem Gewandhaus zu&nbsp;Leipzig, Konzerthaus Berlin, Teatro Col\u00f2n Buenos Aires, Royal Academy of Music London,&nbsp;Wiener Musikverein, Prinzregententheater M\u00fcnchen und weiteren. Neben Auftritten auf der&nbsp;Opernb\u00fchne erarbeitet sich der Tenor zunehmend ein breites Lied-Repertoire, f\u00fcr das er&nbsp;wichtige Impulse in der Zusammenarbeit mit Gr\u00f6\u00dfen der Liedszene wie KS Peter Schreier,&nbsp;Prof. Eric Schneider, Prof. Alexander Schmalcz, sowie verschiedenen weiteren bekam.<\/p>\n<p>Erste Opernengagements, vorwiegend im Mozart-Fach, f\u00fchrten ihn u.a. an Theater in Leipzig, Wittenberg und Gotha.<\/p>\n<p>Diverse CD-Einspielungen, Rundfunkproduktionen, TV- und DVD-Produktionen dokumentieren seine musikalische T\u00e4tigkeit sowohl im Ensemble, als auch solistisch. Im Jahr 2021&nbsp;erschien seine erste Solo-CD mit Liedern von Felix Mendelssohn Bartholdy.<\/p>\n<p>Seit 2023 ist Pohlers k\u00fcnstlerischer Leiter und Dirigent des Leipziger Kammerchores \u201eEnsemble TonART\u201c.<\/p>\n<p>&nbsp;<\/p>\n","protected":false},"excerpt":{"rendered":"<p>Der Tenor Robert Pohlers wurde in Leipzig geboren und war von 2004 bis 2013 Mitglied des&nbsp;Leipziger Thomanerchores, in dem er eine allumfassende musikalische Ausbildung genoss.&nbsp;Fr\u00fch trat er als Solist in Erscheinung und wurde f\u00fcr seine Verdienste um den Chor mehrfach&nbsp;ausgezeichnet. Durch diese Sozialisation bildet das Werk Johann Sebastian Bachs heute den&nbsp;Mittelpunkt seines solistischen Schaffens. Pohlers&hellip; <br \/> <a class=\"button small blue\" href=\"https:\/\/tonart-leipzig.de\/?page_id=1195\">Weiterlesen<\/a><\/p>\n","protected":false},"author":2,"featured_media":0,"parent":0,"menu_order":-2,"comment_status":"closed","ping_status":"closed","template":"","meta":{"footnotes":""},"class_list":["post-1195","page","type-page","status-publish","hentry"],"_links":{"self":[{"href":"https:\/\/tonart-leipzig.de\/index.php?rest_route=\/wp\/v2\/pages\/1195","targetHints":{"allow":["GET"]}}],"collection":[{"href":"https:\/\/tonart-leipzig.de\/index.php?rest_route=\/wp\/v2\/pages"}],"about":[{"href":"https:\/\/tonart-leipzig.de\/index.php?rest_route=\/wp\/v2\/types\/page"}],"author":[{"embeddable":true,"href":"https:\/\/tonart-leipzig.de\/index.php?rest_route=\/wp\/v2\/users\/2"}],"replies":[{"embeddable":true,"href":"https:\/\/tonart-leipzig.de\/index.php?rest_route=%2Fwp%2Fv2%2Fcomments&post=1195"}],"version-history":[{"count":2,"href":"https:\/\/tonart-leipzig.de\/index.php?rest_route=\/wp\/v2\/pages\/1195\/revisions"}],"predecessor-version":[{"id":1248,"href":"https:\/\/tonart-leipzig.de\/index.php?rest_route=\/wp\/v2\/pages\/1195\/revisions\/1248"}],"wp:attachment":[{"href":"https:\/\/tonart-leipzig.de\/index.php?rest_route=%2Fwp%2Fv2%2Fmedia&parent=1195"}],"curies":[{"name":"wp","href":"https:\/\/api.w.org\/{rel}","templated":true}]}}