{"id":1224,"date":"2023-03-12T09:30:59","date_gmt":"2023-03-12T09:30:59","guid":{"rendered":"https:\/\/tonart-leipzig.de\/?page_id=1224"},"modified":"2023-03-12T13:04:22","modified_gmt":"2023-03-12T13:04:22","slug":"blog","status":"publish","type":"page","link":"https:\/\/tonart-leipzig.de\/?page_id=1224","title":{"rendered":"Blog"},"content":{"rendered":"<style type=\"text\/css\">.zoom-instagram.feed-1269{font-size:50px!important;padding:10px!important;}.zoom-instagram.feed-1269 .zoom-instagram-widget__items{display:grid!important;grid-template-columns:repeat(2,1fr);}.zoom-instagram.feed-1269 .zoom-instagram-widget__items{gap:10px!important;}<\/style>\n<div class=\"zoom-instagram feed-1269 aligncenter layout-grid columns-2 with-lightbox spacing-10 perpage-3\"><header class=\"zoom-instagram-widget__header\"><div class=\"zoom-instagram-widget__header-column-left\"><img decoding=\"async\" src=\"https:\/\/tonart-leipzig.de\/wp-content\/plugins\/instagram-widget-by-wpzoom\/dist\/images\/backend\/icon-insta.png\" alt=\"@ensembletonart\" width=\"70\"\/><\/div><div class=\"zoom-instagram-widget__header-column-right\"><h5 class=\"zoom-instagram-widget__header-name\"><\/h5><p class=\"zoom-instagram-widget__header-user\"><a href=\"https:\/\/www.instagram.com\/ensembletonart\" target=\"_blank\" rel=\"nofollow\">@ensembletonart<\/a><\/p><div class=\"zoom-instagram-widget__header-bio\"><\/div><\/div><\/header><div class=\"zoom-instagram-widget__items-wrapper\"><ul class=\"zoom-instagram-widget__items zoom-instagram-widget__items--no-js layout-grid\" data-layout=\"grid\" data-columns=\"2\" data-lightbox=\"1\" data-spacing=\"10\" data-perpage=\"3\"><li class=\"zoom-instagram-widget__item media-icons-normal media-icons-hover\" data-media-type=\"image\"><div class=\"zoom-instagram-widget__item-inner-wrap\"><img class=\"zoom-instagram-link zoom-instagram-link-new\"  data-src=\"http:\/\/tonart-leipzig.de\/wp-content\/uploads\/2023\/03\/334761971_195742966397811_7570407875018865389_n-640x640.jpg\" width=\"640\" height=\"640\" alt=\"Frischer Wind beim Ensemble TonART Leipzig\nNach der herausfordernden Corona-Zeit haben wir eine neue musikalische Leitung f\u00fcr unseren Chor gefunden. @tenorpohlers sorgt seit einigen Wochen wieder f\u00fcr Begeisterung und Qualit\u00e4t in der Probenarbeit. Seine eigenen professionellen Gesangserfahrungen l\u00e4sst er gewinnbringend in die musikalische Arbeit mit uns einflie\u00dfen. Mit ihm hat der Chor eine neue Perspektive gefunden.\n#acapellamusik #chorprobe #kammerchor\" \/><div class=\"hover-layout zoom-instagram-widget__overlay zoom-instagram-widget__black \"><div class=\"zoom-instagram-icon-wrap\"><a class=\"zoom-svg-instagram-stroke\" href=\"https:\/\/www.instagram.com\/p\/CpmzfhrIHH5\/\" rel=\"noopener nofollow\" target=\"_blank\" title=\"Frischer Wind beim Ensemble TonART Leipzig\nNach der herausfordernden Corona-Zeit haben wir eine neue musikalische Leitung f\u00fcr unseren Chor gefunden. @tenorpohlers sorgt seit einigen Wochen wieder f\u00fcr Begeisterung und Qualit\u00e4t in der Probenarbeit. Seine eigenen professionellen Gesangserfahrungen l\u00e4sst er gewinnbringend in die musikalische Arbeit mit uns einflie\u00dfen. Mit ihm hat der Chor eine neue Perspektive gefunden.\n#acapellamusik #chorprobe #kammerchor\"><\/a><\/div>\n    \t\t\t\t\t<a class=\"zoom-instagram-link\" data-src=\"http:\/\/tonart-leipzig.de\/wp-content\/uploads\/2023\/03\/334761971_195742966397811_7570407875018865389_n-640x640.jpg\" data-mfp-src=\"17844101417955927\" href=\"https:\/\/www.instagram.com\/p\/CpmzfhrIHH5\/\" target=\"_blank\" rel=\"noopener nofollow\" title=\"Frischer Wind beim Ensemble TonART Leipzig\nNach der herausfordernden Corona-Zeit haben wir eine neue musikalische Leitung f\u00fcr unseren Chor gefunden. @tenorpohlers sorgt seit einigen Wochen wieder f\u00fcr Begeisterung und Qualit\u00e4t in der Probenarbeit. Seine eigenen professionellen Gesangserfahrungen l\u00e4sst er gewinnbringend in die musikalische Arbeit mit uns einflie\u00dfen. Mit ihm hat der Chor eine neue Perspektive gefunden.\n#acapellamusik #chorprobe #kammerchor\"><\/a>\n    \t\t\t\t\t<\/div><\/div><\/li><\/ul><\/div><div class=\"zoom-instagram-widget__footer\"><a href=\"https:\/\/www.instagram.com\/ensembletonart\" target=\"_blank\" rel=\"noopener nofollow\" class=\"wpz-button wpz-button-primary wpz-insta-view-on-insta-button\"><span class=\"button-icon zoom-svg-instagram-stroke\"><\/span> View on Instagram<\/a><\/div><div class=\"wpz-insta-lightbox-wrapper mfp-hide\"><div class=\"swiper\"><div class=\"swiper-wrapper\"><div data-uid=\"17844101417955927\" class=\"swiper-slide wpz-insta-lightbox-item\"><div class=\"wpz-insta-lightbox\"><div class=\"image-wrapper\"><img class=\"wpzoom-swiper-image swiper-lazy\" data-src=\"http:\/\/tonart-leipzig.de\/wp-content\/uploads\/2023\/03\/334761971_195742966397811_7570407875018865389_n.jpg\" alt=\"Frischer Wind beim Ensemble TonART Leipzig\nNach der herausfordernden Corona-Zeit haben wir eine neue musikalische Leitung f\u00fcr unseren Chor gefunden. @tenorpohlers sorgt seit einigen Wochen wieder f\u00fcr Begeisterung und Qualit\u00e4t in der Probenarbeit. Seine eigenen professionellen Gesangserfahrungen l\u00e4sst er gewinnbringend in die musikalische Arbeit mit uns einflie\u00dfen. Mit ihm hat der Chor eine neue Perspektive gefunden.\n#acapellamusik #chorprobe #kammerchor\"\/><div class=\"swiper-lazy-preloader swiper-lazy-preloader-white\"><\/div><\/div>\n\t\t\t\t\t<div class=\"details-wrapper\">\n\t\t\t\t\t<div class=\"wpz-insta-header\">\n\t\t\t\t\t\t<div class=\"wpz-insta-avatar\">\n\t\t\t\t\t\t\t<img loading=\"lazy\" decoding=\"async\" src=\"https:\/\/tonart-leipzig.de\/wp-content\/plugins\/instagram-widget-by-wpzoom\/dist\/images\/backend\/icon-insta.png\" alt=\"@ensembletonart\" width=\"42\" height=\"42\"\/>\n\t\t\t\t\t\t<\/div>\n\t\t\t\t\t\t<div class=\"wpz-insta-buttons\">\n\t\t\t\t\t\t\t<div class=\"wpz-insta-username\">\n\t\t\t\t\t\t\t\t<a rel=\"noopener\" target=\"_blank\" href=\"https:\/\/instagram.com\/ensembletonart\">@ensembletonart<\/a>\n\t\t\t\t\t\t\t<\/div>\n\t\t\t\t\t\t\t<div>&bull;<\/div>\n\t\t\t\t\t\t\t<div class=\"wpz-insta-follow\">\n\t\t\t\t\t\t\t\t<a target=\"_blank\" rel=\"noopener\"\n\t\t\t\t\t\t\t\thref=\"https:\/\/instagram.com\/ensembletonart?ref=badge\">\n\t\t\t\t\t\t\t\t\tFollow\n\t\t\t\t\t\t\t\t<\/a>\n\t\t\t\t\t\t\t<\/div>\n\t\t\t\t\t\t<\/div>\n\t\t\t\t\t<\/div><div class=\"wpz-insta-caption\">Frischer Wind beim Ensemble TonART Leipzig\nNach der herausfordernden Corona-Zeit haben wir eine neue musikalische Leitung f\u00fcr unseren Chor gefunden. @tenorpohlers sorgt seit einigen Wochen wieder f\u00fcr Begeisterung und Qualit\u00e4t in der Probenarbeit. Seine eigenen professionellen Gesangserfahrungen l\u00e4sst er gewinnbringend in die musikalische Arbeit mit uns einflie\u00dfen. Mit ihm hat der Chor eine neue Perspektive gefunden.\n#acapellamusik #chorprobe #kammerchor<\/div><div class=\"wpz-insta-date\">3\u00a0Jahren ago<\/div><div class=\"view-post\">\n\t\t\t\t\t<a href=\"https:\/\/www.instagram.com\/p\/CpmzfhrIHH5\/\" target=\"_blank\" rel=\"noopener\"><span class=\"dashicons dashicons-instagram\"><\/span>View on Instagram<\/a>\n\t\t\t\t\t<span class=\"delimiter\">|<\/span>\n\t\t\t\t\t<div class=\"wpz-insta-pagination\">1\/1<\/div>\n\t\t\t\t\t<\/div><\/div><\/div><\/div><\/div><div class=\"swiper-button-prev\"><\/div><div class=\"swiper-button-next\"><\/div><\/div><\/div><\/div>","protected":false},"excerpt":{"rendered":"","protected":false},"author":1,"featured_media":0,"parent":0,"menu_order":0,"comment_status":"closed","ping_status":"closed","template":"","meta":{"footnotes":""},"class_list":["post-1224","page","type-page","status-publish","hentry"],"_links":{"self":[{"href":"https:\/\/tonart-leipzig.de\/index.php?rest_route=\/wp\/v2\/pages\/1224","targetHints":{"allow":["GET"]}}],"collection":[{"href":"https:\/\/tonart-leipzig.de\/index.php?rest_route=\/wp\/v2\/pages"}],"about":[{"href":"https:\/\/tonart-leipzig.de\/index.php?rest_route=\/wp\/v2\/types\/page"}],"author":[{"embeddable":true,"href":"https:\/\/tonart-leipzig.de\/index.php?rest_route=\/wp\/v2\/users\/1"}],"replies":[{"embeddable":true,"href":"https:\/\/tonart-leipzig.de\/index.php?rest_route=%2Fwp%2Fv2%2Fcomments&post=1224"}],"version-history":[{"count":3,"href":"https:\/\/tonart-leipzig.de\/index.php?rest_route=\/wp\/v2\/pages\/1224\/revisions"}],"predecessor-version":[{"id":1272,"href":"https:\/\/tonart-leipzig.de\/index.php?rest_route=\/wp\/v2\/pages\/1224\/revisions\/1272"}],"wp:attachment":[{"href":"https:\/\/tonart-leipzig.de\/index.php?rest_route=%2Fwp%2Fv2%2Fmedia&parent=1224"}],"curies":[{"name":"wp","href":"https:\/\/api.w.org\/{rel}","templated":true}]}}