{"id":50,"date":"2018-01-15T14:24:26","date_gmt":"2018-01-15T14:24:26","guid":{"rendered":"http:\/\/tonart.h2798682.stratoserver.net\/?page_id=50"},"modified":"2018-01-15T14:24:26","modified_gmt":"2018-01-15T14:24:26","slug":"mitsingen","status":"publish","type":"page","link":"https:\/\/tonart-leipzig.de\/?page_id=50","title":{"rendered":"Mitsingen"},"content":{"rendered":"<h4>Mitsingen im Ensemble TonART Leipzig<\/h4>\n<h4>Wir suchen:<\/h4>\n<p>&#8230; erfahrene Chors\u00e4nger:innen in allen Stimmgruppen, zurzeit vor allem Ten\u00f6re und B\u00e4sse.<\/p>\n<h4>Wir bieten:<\/h4>\n<p>&#8230; einen kleinen, anspruchsvollen Chor mit reger Konzertt\u00e4tigkeit, innenstadtnahem <a href=\"https:\/\/www.peterskirche-leipzig.de\/\" target=\"_blank\" rel=\"noopener\">Probenort<\/a> und Sinn f\u00fcrs Gesellige<\/p>\n<p>&#8230; ein abwechslungsreiches Repertoire mit A-cappella-Musik von der Renaissance bis zur Moderne<\/p>\n<p>&nbsp;<\/p>\n<h4>Herzlich willkommen:<\/h4>\n<p>Wir proben donnerstags ab 19 Uhr in der Peterskirche.<\/p>\n<p>Bei Interesse, aktiv mitzuwirken, schreiben Sie bitte eine <a href=\"mailto:vorstand@tonart-leipzig.de\">E-Mail<\/a> mit kurzen Angaben zu Ihren musikalischen Vorkenntnissen.<\/p>\n","protected":false},"excerpt":{"rendered":"<p>Mitsingen im Ensemble TonART Leipzig Wir suchen: &#8230; erfahrene Chors\u00e4nger:innen in allen Stimmgruppen, zurzeit vor allem Ten\u00f6re und B\u00e4sse. Wir bieten: &#8230; einen kleinen, anspruchsvollen Chor mit reger Konzertt\u00e4tigkeit, innenstadtnahem Probenort und Sinn f\u00fcrs Gesellige &#8230; ein abwechslungsreiches Repertoire mit A-cappella-Musik von der Renaissance bis zur Moderne &nbsp; Herzlich willkommen: Wir proben donnerstags ab 19&hellip; <br \/> <a class=\"button small blue\" href=\"https:\/\/tonart-leipzig.de\/?page_id=50\">Weiterlesen<\/a><\/p>\n","protected":false},"author":4,"featured_media":709,"parent":0,"menu_order":0,"comment_status":"closed","ping_status":"closed","template":"","meta":{"footnotes":""},"class_list":["post-50","page","type-page","status-publish","has-post-thumbnail","hentry"],"_links":{"self":[{"href":"https:\/\/tonart-leipzig.de\/index.php?rest_route=\/wp\/v2\/pages\/50","targetHints":{"allow":["GET"]}}],"collection":[{"href":"https:\/\/tonart-leipzig.de\/index.php?rest_route=\/wp\/v2\/pages"}],"about":[{"href":"https:\/\/tonart-leipzig.de\/index.php?rest_route=\/wp\/v2\/types\/page"}],"author":[{"embeddable":true,"href":"https:\/\/tonart-leipzig.de\/index.php?rest_route=\/wp\/v2\/users\/4"}],"replies":[{"embeddable":true,"href":"https:\/\/tonart-leipzig.de\/index.php?rest_route=%2Fwp%2Fv2%2Fcomments&post=50"}],"version-history":[{"count":0,"href":"https:\/\/tonart-leipzig.de\/index.php?rest_route=\/wp\/v2\/pages\/50\/revisions"}],"wp:featuredmedia":[{"embeddable":true,"href":"https:\/\/tonart-leipzig.de\/index.php?rest_route=\/"}],"wp:attachment":[{"href":"https:\/\/tonart-leipzig.de\/index.php?rest_route=%2Fwp%2Fv2%2Fmedia&parent=50"}],"curies":[{"name":"wp","href":"https:\/\/api.w.org\/{rel}","templated":true}]}}