{"id":52,"date":"2018-01-15T14:27:00","date_gmt":"2018-01-15T14:27:00","guid":{"rendered":"http:\/\/tonart.h2798682.stratoserver.net\/?page_id=52"},"modified":"2018-01-15T14:27:00","modified_gmt":"2018-01-15T14:27:00","slug":"verein","status":"publish","type":"page","link":"https:\/\/tonart-leipzig.de\/?page_id=52","title":{"rendered":"Verein"},"content":{"rendered":"<p>Der Verein \u201eEnsemble TonART Leipzig\u201c\u00a0e.V. ist das R\u00fcckgrat des Ensembles, denn erst durch ihn ist die Realisierung vieler interessanter Projekte und Konzerte machbar. Wenn auch Sie helfen m\u00f6chten, unsere Arbeit weiterhin zu erm\u00f6glichen, w\u00fcrden wir uns \u00fcber eine F\u00f6rdermitgliedschaft oder Spende Ihrerseits sehr freuen. Dies gilt f\u00fcr nat\u00fcrliche und juristische Personen gleicherma\u00dfen.<\/p>\n<p>Die H\u00f6he des j\u00e4hrlichen Beitrags ist Ihnen dabei nat\u00fcrlich freigestellt (mind. 10\u00a0\u20ac im Jahr), und Sie bekommen regelm\u00e4\u00dfig Nachricht \u00fcber die Projekte und Erfolge des Ensembles. Genauere Informationen entnehmen Sie bitte der <a href=\"https:\/\/tonart-leipzig.de\/verein\/satzung\">Vereinssatzung<\/a>. Anfragen sind jederzeit per <a href=\"mailto:vorstand@tonart-leipzig.de\">E-Mail<\/a> m\u00f6glich.<\/p>\n<p>Der Verein ist beim Amtsgericht Leipzig unter der Nummer 4389 eingetragen und als gemeinn\u00fctzig anerkannt, zuletzt per Freistellungsbescheid vom 21.12.2016 f\u00fcr die Jahre 2013\u20132015. Spenden k\u00f6nnen somit steuerlich geltend gemacht und auf unten angegebenes Konto \u00fcberwiesen werden. Bitte geben Sie dabei als Verwendungszweck Ihren vollst\u00e4ndigen Namen und Ihre genaue Adresse an, da diese Daten f\u00fcr die Ausstellung der Spen\u00adden\u00adbescheinigung notwendig sind.<br \/>\n<!-- Anfang Bildungsspender --><a href=\"https:\/\/www.bildungsspender.de\/ensembletonart\" target=\"_blank\" rel=\"noopener\"><br \/>\n<img loading=\"lazy\" decoding=\"async\" title=\"Hier geht's zu unserem Spenden-Shop.\" src=\"https:\/\/www.bildungsspender.org\/extern\/images\/verein_150_200.gif\" alt=\"Hier geht's zu unserem Spenden-Shop.\" width=\"150\" height=\"200\" border=\"0\" \/><\/a><br \/>\n<!-- Ende Bildungsspender --><\/p>\n","protected":false},"excerpt":{"rendered":"<p>Der Verein \u201eEnsemble TonART Leipzig\u201c\u00a0e.V. ist das R\u00fcckgrat des Ensembles, denn erst durch ihn ist die Realisierung vieler interessanter Projekte und Konzerte machbar. Wenn auch Sie helfen m\u00f6chten, unsere Arbeit weiterhin zu erm\u00f6glichen, w\u00fcrden wir uns \u00fcber eine F\u00f6rdermitgliedschaft oder Spende Ihrerseits sehr freuen. Dies gilt f\u00fcr nat\u00fcrliche und juristische Personen gleicherma\u00dfen. Die H\u00f6he des&hellip; <br \/> <a class=\"button small blue\" href=\"https:\/\/tonart-leipzig.de\/?page_id=52\">Weiterlesen<\/a><\/p>\n","protected":false},"author":4,"featured_media":710,"parent":0,"menu_order":0,"comment_status":"closed","ping_status":"closed","template":"","meta":{"footnotes":""},"class_list":["post-52","page","type-page","status-publish","has-post-thumbnail","hentry"],"_links":{"self":[{"href":"https:\/\/tonart-leipzig.de\/index.php?rest_route=\/wp\/v2\/pages\/52","targetHints":{"allow":["GET"]}}],"collection":[{"href":"https:\/\/tonart-leipzig.de\/index.php?rest_route=\/wp\/v2\/pages"}],"about":[{"href":"https:\/\/tonart-leipzig.de\/index.php?rest_route=\/wp\/v2\/types\/page"}],"author":[{"embeddable":true,"href":"https:\/\/tonart-leipzig.de\/index.php?rest_route=\/wp\/v2\/users\/4"}],"replies":[{"embeddable":true,"href":"https:\/\/tonart-leipzig.de\/index.php?rest_route=%2Fwp%2Fv2%2Fcomments&post=52"}],"version-history":[{"count":0,"href":"https:\/\/tonart-leipzig.de\/index.php?rest_route=\/wp\/v2\/pages\/52\/revisions"}],"wp:featuredmedia":[{"embeddable":true,"href":"https:\/\/tonart-leipzig.de\/index.php?rest_route=\/"}],"wp:attachment":[{"href":"https:\/\/tonart-leipzig.de\/index.php?rest_route=%2Fwp%2Fv2%2Fmedia&parent=52"}],"curies":[{"name":"wp","href":"https:\/\/api.w.org\/{rel}","templated":true}]}}