{"id":551,"date":"2018-02-15T10:49:35","date_gmt":"2018-02-15T09:49:35","guid":{"rendered":"http:\/\/tonart.h2798682.stratoserver.net\/?page_id=551"},"modified":"2023-03-12T10:56:02","modified_gmt":"2023-03-12T10:56:02","slug":"foerdern","status":"publish","type":"page","link":"https:\/\/tonart-leipzig.de\/?page_id=551","title":{"rendered":"F\u00f6rdern"},"content":{"rendered":"<h4>So k\u00f6nnen Sie die Arbeit unseres Chores f\u00f6rdern:<\/h4>\n<p>&nbsp;<\/p>\n<h5>Als F\u00f6rdermitglied unseres <a href=\"http:\/\/tonart.h2798682.stratoserver.net\/verein\/\" target=\"_blank\" rel=\"noopener\">Vereins<\/a><\/h5>\n<p>Laut unserer <a href=\"http:\/\/tonart.h2798682.stratoserver.net\/verein\/satzung\/\" target=\"_blank\" rel=\"noopener\">Satzung<\/a> besteht unser Verein aus <a href=\"http:\/\/tonart.h2798682.stratoserver.net\/mitsingen\/\" target=\"_blank\" rel=\"noopener\">aktiven Chors\u00e4nger:innen<\/a> und F\u00f6rdermitgliedern.<\/p>\n<p>F\u00fcr eine Mitgliedschaft f\u00fcllen Sie bitte den Mitgliedsantrag Ensemble TonART aus. Bei Fragen hilft Ihnen der <a href=\"mailto:ensembletonart@web.de\">Vorstand<\/a> gern weiter.<\/p>\n<p>&nbsp;<\/p>\n<h5>Durch allgemeine oder zweckgebundene Spenden<\/h5>\n<p>Spenden Sie einfach \u00fcber unser <a href=\"https:\/\/www.bildungsspender.de\/donation.php?org_id=404277004\" target=\"_blank\" rel=\"noopener\">Spendenformular<\/a> auf der Bildungsspender-Plattform oder direkt in Form einer \u00dcberweisung auf die Vereinskasse.<\/p>\n<p>Der Verein ist beim Amtsgericht Leipzig unter der Nummer 4389 eingetragen und als gemeinn\u00fctzig anerkannt, zuletzt per Freistellungsbescheid vom 21.12.2016 f\u00fcr die Jahre 2013\u20132015. Spenden k\u00f6nnen somit steuerlich geltend gemacht und auf unten angegebenes Konto \u00fcberwiesen werden. Bitte geben Sie dabei als Verwendungszweck Ihren vollst\u00e4ndigen Namen und Ihre genaue Adresse an, da diese Daten f\u00fcr die Ausstellung der Spen\u00adden\u00adbescheinigung notwendig sind.<br \/>\n<!-- Anfang Bildungsspender --><\/p>\n<p>&nbsp;<\/p>\n<h5>Ohne Zusatz-Kosten: Durch Online-Eink\u00e4ufe \u00fcber den <a href=\"https:\/\/www.bildungsspender.de\/\" target=\"_blank\" rel=\"noopener\">Bildungsspender<\/a><\/h5>\n<p>Unser Verein ist seit 7. November 2017 beim Charity-Shopping-Portal Bildungsspender registriert.<\/p>\n<p>Beginnen Sie Ihre Online-K\u00e4ufe auf unserer <a href=\"https:\/\/www.bildungsspender.de\/ensembletonart\" target=\"_blank\" rel=\"noopener\">Projektseite<\/a> und verhelfen uns so zu Spenden der Online-Shops.<\/p>\n<p>&nbsp;<\/p>\n<p><strong>Wir freuen uns \u00fcber jede Form der Unterst\u00fctzung!<\/strong><\/p>\n","protected":false},"excerpt":{"rendered":"<p>So k\u00f6nnen Sie die Arbeit unseres Chores f\u00f6rdern: &nbsp; Als F\u00f6rdermitglied unseres Vereins Laut unserer Satzung besteht unser Verein aus aktiven Chors\u00e4nger:innen und F\u00f6rdermitgliedern. F\u00fcr eine Mitgliedschaft f\u00fcllen Sie bitte den Mitgliedsantrag Ensemble TonART aus. Bei Fragen hilft Ihnen der Vorstand gern weiter. &nbsp; Durch allgemeine oder zweckgebundene Spenden Spenden Sie einfach \u00fcber unser Spendenformular&hellip; <br \/> <a class=\"button small blue\" href=\"https:\/\/tonart-leipzig.de\/?page_id=551\">Weiterlesen<\/a><\/p>\n","protected":false},"author":4,"featured_media":717,"parent":0,"menu_order":0,"comment_status":"closed","ping_status":"closed","template":"","meta":{"footnotes":""},"class_list":["post-551","page","type-page","status-publish","has-post-thumbnail","hentry"],"_links":{"self":[{"href":"https:\/\/tonart-leipzig.de\/index.php?rest_route=\/wp\/v2\/pages\/551","targetHints":{"allow":["GET"]}}],"collection":[{"href":"https:\/\/tonart-leipzig.de\/index.php?rest_route=\/wp\/v2\/pages"}],"about":[{"href":"https:\/\/tonart-leipzig.de\/index.php?rest_route=\/wp\/v2\/types\/page"}],"author":[{"embeddable":true,"href":"https:\/\/tonart-leipzig.de\/index.php?rest_route=\/wp\/v2\/users\/4"}],"replies":[{"embeddable":true,"href":"https:\/\/tonart-leipzig.de\/index.php?rest_route=%2Fwp%2Fv2%2Fcomments&post=551"}],"version-history":[{"count":1,"href":"https:\/\/tonart-leipzig.de\/index.php?rest_route=\/wp\/v2\/pages\/551\/revisions"}],"predecessor-version":[{"id":1241,"href":"https:\/\/tonart-leipzig.de\/index.php?rest_route=\/wp\/v2\/pages\/551\/revisions\/1241"}],"wp:featuredmedia":[{"embeddable":true,"href":"https:\/\/tonart-leipzig.de\/index.php?rest_route=\/"}],"wp:attachment":[{"href":"https:\/\/tonart-leipzig.de\/index.php?rest_route=%2Fwp%2Fv2%2Fmedia&parent=551"}],"curies":[{"name":"wp","href":"https:\/\/api.w.org\/{rel}","templated":true}]}}