{"id":985,"date":"2019-11-03T17:10:49","date_gmt":"2019-11-03T16:10:49","guid":{"rendered":"http:\/\/tonart.h2798682.stratoserver.net\/?page_id=985"},"modified":"2023-03-12T11:11:25","modified_gmt":"2023-03-12T11:11:25","slug":"katharina-ackva","status":"publish","type":"page","link":"https:\/\/tonart-leipzig.de\/?page_id=985","title":{"rendered":"Katharina Ackva (2019-23)"},"content":{"rendered":"<p>Katharina Ackva, geboren 1996 in W\u00fcrzburg, erhielt ihren ersten Klavierunterricht im Alter von sechs Jahren. Nach einer C-Ausbildung f\u00fcr nebenberufliche KirchenmusikerInnen in der Di\u00f6zese W\u00fcrzburg studierte sie zun\u00e4chst Schulmusik an der <a href=\"https:\/\/www.hmt-leipzig.de\/\" target=\"_blank\" rel=\"noopener\">Hochschule f\u00fcr Musik und Theater&nbsp;\u201eFelix Mendelssohn Bartholdy&#8220; Leipzig<\/a> bei Prof. Stefan Engels und Anna-Victoria Baltrusch (Orgel). Derzeit studiert sie in Leipzig Kirchenmusik bei Prof. Martin Schmeding (Orgel), Prof. Thomas Lennartz (Improvisation\/Liturgisches Orgelspiel) und Prof. Roland B\u00f6rger (Chorleitung).<br \/>\nNeben zahlreichen Organistendiensten konzertierte sie bereits sowohl solistisch als auch mit anderen InstrumentalistInnen in W\u00fcrzburg, Leipzig und im Z\u00fcricher Neum\u00fcnster (CH).<\/p>\n<p>Als Chorleiterin hat Katharina Stimmproben in der W\u00fcrzburger Kantorei sowie Proben des <a href=\"https:\/\/www.kirche-zellerau.de\/kirchenmusik\/\" target=\"_blank\" rel=\"noopener\">Kammer- und Kirchenchores Hl. Kreuz\/St. Elisabeth W\u00fcrzburg<\/a> und des Kath. Kirchenchores Waldb\u00fcttelbrunn geleitet. Von Juni bis Juli 2019 war sie vertretungsweise Dirigentin des <a href=\"https:\/\/www.kirche-liebertwolkwitz.de\/\" target=\"_blank\" rel=\"noopener\">Evangelischen Kirchenchores Liebertwolkwitz.<\/a> Im Rahmen ihres Studiums arbeitet sie au\u00dferdem regelm\u00e4\u00dfig u.a. mit dem Vocalconsort Leipzig und dem Gewandhauschor.<\/p>\n<p>Katharina Ackva besuchte Meisterkurse f\u00fcr Orgel u.a. bei Ben van Oosten, Henry Fairs und Hans Fagius und erhielt wichtige dirigentische Impulse bei Markus Detterbeck und Patrick Russill (London).<\/p>\n<p>Im Herbst 2019 \u00fcbernimmt Katharina Ackva die musikalische Leitung des Ensembles TonART Leipzig.<\/p>\n<p><a href=\"http:\/\/tonart.h2798682.stratoserver.net\/wp-content\/uploads\/2019\/11\/DSCF0979-1_Website.jpg\"><img loading=\"lazy\" decoding=\"async\" class=\"alignnone size-medium wp-image-983\" src=\"http:\/\/tonart.h2798682.stratoserver.net\/wp-content\/uploads\/2019\/11\/DSCF0979-1_Website-300x200.jpg\" alt=\"\" width=\"300\" height=\"200\"><\/a><\/p>\n","protected":false},"excerpt":{"rendered":"<p>Katharina Ackva, geboren 1996 in W\u00fcrzburg, erhielt ihren ersten Klavierunterricht im Alter von sechs Jahren. Nach einer C-Ausbildung f\u00fcr nebenberufliche KirchenmusikerInnen in der Di\u00f6zese W\u00fcrzburg studierte sie zun\u00e4chst Schulmusik an der Hochschule f\u00fcr Musik und Theater&nbsp;\u201eFelix Mendelssohn Bartholdy&#8220; Leipzig bei Prof. Stefan Engels und Anna-Victoria Baltrusch (Orgel). Derzeit studiert sie in Leipzig Kirchenmusik bei Prof.&hellip; <br \/> <a class=\"button small blue\" href=\"https:\/\/tonart-leipzig.de\/?page_id=985\">Weiterlesen<\/a><\/p>\n","protected":false},"author":3,"featured_media":984,"parent":0,"menu_order":-1,"comment_status":"closed","ping_status":"closed","template":"","meta":{"footnotes":""},"class_list":["post-985","page","type-page","status-publish","has-post-thumbnail","hentry"],"_links":{"self":[{"href":"https:\/\/tonart-leipzig.de\/index.php?rest_route=\/wp\/v2\/pages\/985","targetHints":{"allow":["GET"]}}],"collection":[{"href":"https:\/\/tonart-leipzig.de\/index.php?rest_route=\/wp\/v2\/pages"}],"about":[{"href":"https:\/\/tonart-leipzig.de\/index.php?rest_route=\/wp\/v2\/types\/page"}],"author":[{"embeddable":true,"href":"https:\/\/tonart-leipzig.de\/index.php?rest_route=\/wp\/v2\/users\/3"}],"replies":[{"embeddable":true,"href":"https:\/\/tonart-leipzig.de\/index.php?rest_route=%2Fwp%2Fv2%2Fcomments&post=985"}],"version-history":[{"count":1,"href":"https:\/\/tonart-leipzig.de\/index.php?rest_route=\/wp\/v2\/pages\/985\/revisions"}],"predecessor-version":[{"id":1247,"href":"https:\/\/tonart-leipzig.de\/index.php?rest_route=\/wp\/v2\/pages\/985\/revisions\/1247"}],"wp:featuredmedia":[{"embeddable":true,"href":"https:\/\/tonart-leipzig.de\/index.php?rest_route=\/"}],"wp:attachment":[{"href":"https:\/\/tonart-leipzig.de\/index.php?rest_route=%2Fwp%2Fv2%2Fmedia&parent=985"}],"curies":[{"name":"wp","href":"https:\/\/api.w.org\/{rel}","templated":true}]}}